{"id":288,"date":"2023-04-12T16:42:13","date_gmt":"2023-04-12T16:42:13","guid":{"rendered":"https:\/\/emovare.fr\/?page_id=288"},"modified":"2023-04-12T16:48:29","modified_gmt":"2023-04-12T16:48:29","slug":"cgu","status":"publish","type":"page","link":"https:\/\/emovare.fr\/?page_id=288","title":{"rendered":"CGU"},"content":{"rendered":"\n<h1 class=\"wp-block-heading\"><strong>CGU<\/strong><\/h1>\n\n\n\n<h3 class=\"wp-block-heading\"><strong>PR\u00c9AMBULE<\/strong><\/h3>\n\n\n\n<p>Madame Julie CAMUS Pr\u00e9sidente de l\u2019organisme de formation Emovare&nbsp;immatricul\u00e9&nbsp;sous le num\u00e9ro de SIRET&nbsp;87902339800016 et SIREN 879023398&nbsp;dont le si\u00e8ge social est situ\u00e9&nbsp;72 rue Marengo,13006 Marseille, France, organise et dispense des formations professionnelles. Son activit\u00e9 de dispensateur de formation est enregistr\u00e9e sous le num\u00e9ro&nbsp;93132089213&nbsp;aupr\u00e8s du pr\u00e9fet de r\u00e9gion PACA.<\/p>\n\n\n\n<p>Cet enregistrement ne vaut pas agr\u00e9ment de l&rsquo;\u00e9tat.<\/p>\n\n\n\n<p>La signature par le Client des pr\u00e9sentes Conditions G\u00e9n\u00e9rales de Vente (ci-apr\u00e8s \u00ab\u2009CGV\u2009\u00bb) emporte leur acceptation pleine et enti\u00e8re. Les CGV pr\u00e9valent sur tout autre document du Client, et notamment sur toutes conditions g\u00e9n\u00e9rales d&rsquo;achat, sauf accord cadre ou accord commercial sp\u00e9cifique r\u00e9alis\u00e9 avec le client. Tous autres documents de JULIE CAMUS EMOVARE tels que prospectus, catalogues, n&rsquo;ont qu&rsquo;une valeur indicative. Le fait que JULIE CAMUS EMOVARE ne se pr\u00e9vale pas, \u00e0 un moment donn\u00e9, de l&rsquo;une quelconque des pr\u00e9sentes conditions, ne peut \u00eatre interpr\u00e9t\u00e9 comme valant renonciation \u00e0 s&rsquo;en pr\u00e9valoir ult\u00e9rieurement.<\/p>\n\n\n\n<h3 class=\"wp-block-heading\"><strong>1 &#8211; INSCRIPTION<\/strong><\/h3>\n\n\n\n<p>Vous disposez de la possibilit\u00e9 de vous inscrire par t\u00e9l\u00e9phone au 06 11 56 17 22 par courrier \u00e9lectronique&nbsp;<a href=\"mailto:contact@emovare.fr\">contact@emovare.fr<\/a>&nbsp;ou par courrier postal \u00e0 l&rsquo;adresse suivante\u2009: JULIE CAMUS EMOVARE&nbsp;72 rue Marengo,13006 Marseille, France. Votre inscription sera prise en compte \u00e0 r\u00e9ception de la convention ou contrat de formation professionnelle ainsi que de ces pr\u00e9sentes CGV d\u00fbment sign\u00e9es et portant cachet commercial (si possible).<\/p>\n\n\n\n<p>Faites nous savoir vos \u00e9ventuels besoins si vous \u00eates en situation de handicap afin de voir si nous pouvons adapter la formation ou vous rediriger vers un organisme de formation adapt\u00e9.<\/p>\n\n\n\n<p>Pour les formations \u00e0 distance, il appartient au participant de s&rsquo;assurer de la bonne configuration de son mat\u00e9riel informatique, avant la formation dans les d\u00e9lais impartis.<\/p>\n\n\n\n<h3 class=\"wp-block-heading\"><strong>2 &#8211; ANNULATION \u2013 REMPLACEMENT&nbsp;<\/strong><\/h3>\n\n\n\n<p>Pour \u00eatre prise en compte, toute annulation doit \u00eatre communiqu\u00e9e par \u00e9crit.&nbsp;<\/p>\n\n\n\n<p>Les remplacements de participants sont admis \u00e0 tout moment, sans frais, sous r\u00e9serve d&rsquo;en informer par \u00e9crit JULIE CAMUS EMOVARE et de lui transmettre les noms et coordonn\u00e9es du ou des rempla\u00e7ants au plus tard la veille de la formation.&nbsp;<\/p>\n\n\n\n<p>Vous disposez de la facult\u00e9 d&rsquo;annuler une inscription sans frais sous r\u00e9serve d&rsquo;en informer JULIE CAMUS EMOVARE par lettre&nbsp;recommand\u00e9e avec accus\u00e9 de r\u00e9ception ou par courriel avec accus\u00e9 de r\u00e9ception \u00e0&nbsp;<a href=\"mailto:contact@emovare.fr\">contact@emovare.fr<\/a>&nbsp;re\u00e7u&nbsp;au plus tard quatorze [14] jours calendaires avant la date de la formation.<\/p>\n\n\n\n<p>En cas d&rsquo;annulation re\u00e7ue moins de quatorze [14] jours calendaires avant la date de la formation (ou du premier module pour un cycle ou une formation \u00e0 distance), le montant de l&rsquo;inscription reste d\u00fb en totalit\u00e9 \u00e0 JULIE CAMUS EMOVARE.<\/p>\n\n\n\n<p>Toute formation \u00e0 laquelle le participant ne s&rsquo;est pas pr\u00e9sent\u00e9 ou n&rsquo;a assist\u00e9 que partiellement est due en totalit\u00e9.<\/p>\n\n\n\n<h3 class=\"wp-block-heading\"><strong>3 &#8211; TARIFS &#8211; PAIEMENT<\/strong><\/h3>\n\n\n\n<p>Tous les tarifs sont indiqu\u00e9s hors taxes. Ils seront major\u00e9s des droits et taxes en vigueur.<\/p>\n\n\n\n<p>Nos tarifs comprennent la formation, la documentation p\u00e9dagogique remise pendant la formation, les fichiers \u00e9lectroniques mis \u00e0 disposition le cas \u00e9ch\u00e9ant. Pour toutes questions concernant nos conditions tarifaires, n&rsquo;h\u00e9sitez pas \u00e0 contacter notre service clients au 06 11 56 17 22 ou par courrier \u00e9lectronique \u00e0 camusjulieyahoo.fr<\/p>\n\n\n\n<p>Sauf accord particulier, un r\u00e8glement int\u00e9gral devra intervenir avant le d\u00e9but de la formation, comptant et&nbsp;sans escompte \u00e0 r\u00e9ception de facture. En cas de paiement effectu\u00e9 par un OPCO, l\u2019accord de financement par votre OPCO doit nous parvenir avant le 1er jour de la formation. Si JULIE CAMUS EMOVARE n&rsquo;a pas r\u00e9ceptionn\u00e9 l&rsquo;accord de financement, vous serez factur\u00e9 de l&rsquo;int\u00e9gralit\u00e9 du co\u00fbt de la formation. En cas de prise en charge partielle par l&rsquo;OPCO, la part non prise en charge vous sera directement factur\u00e9e.&nbsp;<\/p>\n\n\n\n<p>Toute facture non pay\u00e9e \u00e0 \u00e9ch\u00e9ance portera de plein droit, int\u00e9r\u00eat au taux d&rsquo;int\u00e9r\u00eat appliqu\u00e9 par la Banque Centrale Europ\u00e9enne \u00e0 son op\u00e9ration de refinancement la plus r\u00e9cente major\u00e9 de 10 (dix) points.<\/p>\n\n\n\n<p>\u00c0 d\u00e9faut de paiement d&rsquo;une seule facture \u00e0 son \u00e9ch\u00e9ance, l&rsquo;int\u00e9gralit\u00e9 des sommes dues par le Client deviendra imm\u00e9diatement exigible.<\/p>\n\n\n\n<p>Toute facture recouvr\u00e9e par nos services contentieux internes ou externes sera major\u00e9e, \u00e0 titre de clause p\u00e9nale non r\u00e9ductible au sens de l&rsquo;article 1231-5 du Code Civil, d&rsquo;une indemnit\u00e9 fix\u00e9e \u00e0 15 (quinze)% du montant des sommes exigibles ou au frais r\u00e9els si ceux-ci \u00e9taient sup\u00e9rieurs \u00e0 15%.<\/p>\n\n\n\n<p>Les \u00e9ventuels frais d\u2019huissier seront \u00e0 la charge du client en plus des p\u00e9nalit\u00e9s de retard.<\/p>\n\n\n\n<h3 class=\"wp-block-heading\"><strong>4 &#8211; RESPONSABILIT\u00c9 \u2013 INDEMNIT\u00c9S<\/strong><\/h3>\n\n\n\n<p>L&#8217;employeur, ou selon le cas le participant, s&rsquo;oblige \u00e0 souscrire et maintenir en pr\u00e9vision et pendant la dur\u00e9e de la formation une assurance responsabilit\u00e9 civile couvrant les dommages corporels, mat\u00e9riels, immat\u00e9riels, directs et indirects susceptibles d&rsquo;\u00eatre caus\u00e9s par ses agissements ou ceux de ses pr\u00e9pos\u00e9s au pr\u00e9judice de JULIE CAMUS EMOVARE ou des participants. Il s&rsquo;oblige \u00e9galement \u00e0 souscrire et maintenir une assurance responsabilit\u00e9 civile d\u00e9signant \u00e9galement comme assur\u00e9 JULIE CAMUS EMOVARE pour tous les agissements pr\u00e9judiciables aux tiers qui auraient \u00e9t\u00e9 caus\u00e9s par son pr\u00e9pos\u00e9, et, contenant une clause de renonciation \u00e0 recours, de telle sorte que JULIE CAMUS EMOVARE ne puisse \u00eatre recherch\u00e9e ou inqui\u00e9t\u00e9e.<\/p>\n\n\n\n<h3 class=\"wp-block-heading\"><strong>5 &#8211; DROIT DE CONTR\u00d4LE DE INSTITUT NATIONAL DE LA CONSOMMATION<\/strong><\/h3>\n\n\n\n<p>JULIE CAMUS EMOVARE se r\u00e9serve le droit, si le nombre de participants \u00e0 une formation est jug\u00e9 insuffisant sur le plan p\u00e9dagogique, d&rsquo;annuler cette formation au plus tard quatorze [14] jours calendaires avant la date pr\u00e9vue.<\/p>\n\n\n\n<p>JULIE CAMUS EMOVARE se r\u00e9serve le droit de reporter la formation, de modifier le lieu de son d\u00e9roulement, le contenu de son programme ou de remplacer un animateur, si des circonstances ind\u00e9pendantes de sa volont\u00e9 l&rsquo;y obligent.<\/p>\n\n\n\n<p>JULIE CAMUS EMOVARE se r\u00e9serve le droit, sans indemnit\u00e9 de quelque nature que ce soit\u2009:<\/p>\n\n\n\n<ul class=\"wp-block-list\">\n<li>De refuser toute inscription ou acc\u00e8s \u00e0 un client qui ne serait pas \u00e0 jour de ses paiements<\/li>\n\n\n\n<li>D\u2019exclure tout participant qui aurait proc\u00e9d\u00e9 \u00e0 de fausses d\u00e9clarations lors de l&rsquo;inscription et ce, sans indemnit\u00e9.<\/li>\n<\/ul>\n\n\n\n<h3 class=\"wp-block-heading\"><strong>6 &#8211; PROPRI\u00c9T\u00c9 INTELLECTUELLE<\/strong><\/h3>\n\n\n\n<p>Dans le cadre du respect des droits de propri\u00e9t\u00e9 intellectuelle attach\u00e9s aux supports de cours ou autres ressources p\u00e9dagogiques mis \u00e0 la seule disposition des participants de la formation,&nbsp; le Client s&rsquo;interdit de reproduire, directement ou indirectement, en totalit\u00e9 ou en partie, d&rsquo;adapter, de modifier, de traduire, de repr\u00e9senter, de commercialiser ou de diffuser \u00e0 des membres de son personnel non participants aux formations JULIE CAMUS EMOVARE ou \u00e0 des tiers, les dits supports et ressources p\u00e9dagogiques sans l&rsquo;autorisation expresse, pr\u00e9alable et \u00e9crite JULIE CAMUS EMOVARE ou de ses ayants droit.<\/p>\n\n\n\n<h3 class=\"wp-block-heading\"><strong>7 &#8211; INFORMATIQUE ET LIBERT\u00c9S<\/strong><\/h3>\n\n\n\n<p>JULIE CAMUS EMOVARE s\u2019engage \u00e0 ce que la collecte et le traitement de vos donn\u00e9es personnelles, effectu\u00e9s \u00e0 partir du site www.contact@emovare.fr soient conformes \u00e0 la loi n\u00b0 78-17 du 6 janvier 1978 modifi\u00e9e, relative \u00e0 l\u2019informatique, aux fichiers et aux libert\u00e9s (dite \u00ab Loi Informatique et Libert\u00e9s \u00bb) et du R\u00e8glement (UE) n\u00b0 2016\/679 du 27 avril 2016 dit \u00ab R\u00e8glement g\u00e9n\u00e9ral sur la protection des donn\u00e9es \u00bb (ou \u00ab RGDP \u00bb).<\/p>\n\n\n\n<p>Cette politique d\u00e9crit la mani\u00e8re dont JULIE CAMUS EMOVARE s\u2019engage \u00e0 collecter, utiliser et prot\u00e9ger vos donn\u00e9es personnelles.<\/p>\n\n\n\n<p>Elle est disponible sur la page&nbsp;:&nbsp;&nbsp;<a href=\"mailto:contact@emovare.fr\">contact@emovare.fr<\/a><\/p>\n\n\n\n<p>Vous pouvez exercer, conform\u00e9ment aux dispositions des articles 39, 40, 41, et 42 de la Loi 78-17 du 6 janvier 1978 modifi\u00e9e, vos droits d&rsquo;acc\u00e8s, de rectification et d&rsquo;opposition en vous adressant \u00e0 : JULIE CAMUS EMOVARE \u2013&nbsp;72 rue Marengo,13006 Marseille, France&nbsp;ou par email&nbsp;:&nbsp;<a href=\"mailto:contact@emovare.fr\">contact@emovare.fr<\/a>&nbsp;en pr\u00e9cisant vos nom, pr\u00e9nom, entreprise, adresse, et en joignant une copie de votre pi\u00e8ce d\u2019identit\u00e9.<\/p>\n\n\n\n<p>En cas de difficult\u00e9 en lien avec la gestion de vos donn\u00e9es, vous pouvez adresser une r\u00e9clamation aupr\u00e8s du responsable de traitement ou apr\u00e8s de la CNIL ou de toute autorit\u00e9 comp\u00e9tente.<\/p>\n\n\n\n<p>La responsable est Julie CAMUS de la soci\u00e9t\u00e9 EMOVARE.<\/p>\n\n\n\n<p>Vous pouvez \u00e9galement, pour des motifs l\u00e9gitimes, vous opposer au traitement des donn\u00e9es vous concernant.<\/p>\n\n\n\n<h3 class=\"wp-block-heading\"><strong>8 &#8211; LOI APPLICABLE &#8211; ATTRIBUTION DE COMP\u00c9TENCE LE PR\u00c9SENT ACCORD EST R\u00c9GI PAR LE DROIT FRAN\u00c7AIS.<\/strong><\/h3>\n\n\n\n<p>En cas de contestation sur l\u2019interpr\u00e9tation ou l\u2019ex\u00e9cution de l\u2019une de ces dispositions, et \u00e0 d\u00e9faut d\u2019un accord amiable des parties, le tribunal de commerce de rattachement du si\u00e8ge social de l\u2019organisme de formation sera seul comp\u00e9tent.<\/p>\n\n\n\n<p>&nbsp;&nbsp;&nbsp;&nbsp;&nbsp;&nbsp;&nbsp;&nbsp;&nbsp;Julie CAMUS<\/p>\n\n\n\n<p>&nbsp;&nbsp;&nbsp;&nbsp;&nbsp;&nbsp;&nbsp;&nbsp;&nbsp;Fondatrice<\/p>\n\n\n\n<p>A Marseille, Lundi 13 F\u00e9vrier 2023<\/p>\n","protected":false},"excerpt":{"rendered":"<p>CGU PR\u00c9AMBULE Madame Julie CAMUS Pr\u00e9sidente de l\u2019organisme de formation Emovare&nbsp;immatricul\u00e9&nbsp;sous le num\u00e9ro de SIRET&nbsp;87902339800016 et SIREN 879023398&nbsp;dont le si\u00e8ge social est situ\u00e9&nbsp;72 rue Marengo,13006 Marseille, France, organise et dispense des formations professionnelles. Son activit\u00e9 de dispensateur de formation est enregistr\u00e9e sous le num\u00e9ro&nbsp;93132089213&nbsp;aupr\u00e8s du pr\u00e9fet de r\u00e9gion PACA. Cet enregistrement ne vaut pas agr\u00e9ment [&hellip;]<\/p>\n","protected":false},"author":1,"featured_media":0,"parent":0,"menu_order":0,"comment_status":"closed","ping_status":"closed","template":"blank","meta":{"_coblocks_attr":"","_coblocks_dimensions":"","_coblocks_responsive_height":"","_coblocks_accordion_ie_support":"","footnotes":""},"class_list":["post-288","page","type-page","status-publish","hentry"],"_links":{"self":[{"href":"https:\/\/emovare.fr\/index.php?rest_route=\/wp\/v2\/pages\/288","targetHints":{"allow":["GET"]}}],"collection":[{"href":"https:\/\/emovare.fr\/index.php?rest_route=\/wp\/v2\/pages"}],"about":[{"href":"https:\/\/emovare.fr\/index.php?rest_route=\/wp\/v2\/types\/page"}],"author":[{"embeddable":true,"href":"https:\/\/emovare.fr\/index.php?rest_route=\/wp\/v2\/users\/1"}],"replies":[{"embeddable":true,"href":"https:\/\/emovare.fr\/index.php?rest_route=%2Fwp%2Fv2%2Fcomments&post=288"}],"version-history":[{"count":3,"href":"https:\/\/emovare.fr\/index.php?rest_route=\/wp\/v2\/pages\/288\/revisions"}],"predecessor-version":[{"id":336,"href":"https:\/\/emovare.fr\/index.php?rest_route=\/wp\/v2\/pages\/288\/revisions\/336"}],"wp:attachment":[{"href":"https:\/\/emovare.fr\/index.php?rest_route=%2Fwp%2Fv2%2Fmedia&parent=288"}],"curies":[{"name":"wp","href":"https:\/\/api.w.org\/{rel}","templated":true}]}}